{"id":3154,"date":"2022-12-09T19:21:38","date_gmt":"2022-12-09T18:21:38","guid":{"rendered":"https:\/\/cultivate.software\/produkte\/"},"modified":"2025-04-11T07:29:33","modified_gmt":"2025-04-11T06:29:33","slug":"produkte","status":"publish","type":"page","link":"https:\/\/cultivate.software\/de\/produkte\/","title":{"rendered":"Produkte"},"content":{"rendered":"\n<p>Wir kultivieren Software-Entwicklung durch unser Schulungsangebot.<\/p>\n\n<p>Einzelne Mitarbeiter oder Teams? Junior oder Senior? Im eigenen Tempo oder live? Online oder vor Ort?   <\/p>\n\n<p>Wir haben f\u00fcr jeden etwas dabei:<\/p>\n\n<div class=\"wp-block-columns alignwide is-layout-flex wp-container-core-columns-is-layout-9d6595d7 wp-block-columns-is-layout-flex\">\n<div class=\"wp-block-column d-flex flex-column justify-content-start p-3 bg-primary-light is-layout-flow wp-block-column-is-layout-flow\">\n<figure class=\"wp-block-image size-full is-resized m-n3 border-primary-light\"><img loading=\"lazy\" decoding=\"async\" width=\"752\" height=\"470\" src=\"https:\/\/cultivate.software\/wp-content\/uploads\/2023\/03\/test-first_752_470.png\" alt=\"\" class=\"wp-image-2450\" style=\"width:376px;height:235px\" srcset=\"https:\/\/cultivate.software\/wp-content\/uploads\/2023\/03\/test-first_752_470.png 752w, https:\/\/cultivate.software\/wp-content\/uploads\/2023\/03\/test-first_752_470-300x188.png 300w\" sizes=\"auto, (max-width: 752px) 100vw, 752px\" \/><\/figure>\n\n\n\n<h2 class=\"wp-block-heading has-text-align-center\">Test-first<\/h2>\n\n\n\n<p>Produziere weniger Bugs, schreibe saubereren Code und produziere mehr.<\/p>\n\n\n\n<p>Meistere die Kunst der <strong>Testgetriebenen Entwicklung (TDD)<\/strong> und lerne wie die Top 1 % der Entwickler Software schreiben.<\/p>\n\n\n\n<div class=\"wp-block-buttons mt-auto is-content-justification-center is-layout-flex wp-container-core-buttons-is-layout-e1485a7b wp-block-buttons-is-layout-flex\">\n<div class=\"wp-block-button\"><a class=\"wp-block-button__link has-theme-primary-background-color has-background wp-element-button\" href=\"https:\/\/www.udemy.com\/course\/test-first-programming\/?referralCode=493FA7B846D21004157E\" target=\"_blank\" rel=\"noreferrer noopener\">Erfahre mehr<\/a><\/div>\n<\/div>\n<\/div>\n\n\n\n<div class=\"wp-block-column d-flex flex-column justify-content-start p-3 bg-primary-light is-layout-flow wp-block-column-is-layout-flow\">\n<figure class=\"wp-block-image size-full m-n3\"><img loading=\"lazy\" decoding=\"async\" width=\"752\" height=\"470\" src=\"https:\/\/cultivate.software\/wp-content\/uploads\/2023\/03\/rope_752_470.jpg\" alt=\"Foto eines gr&#xFC;nen Kletterseils &#x2013; Bild von Brook Anderson auf Unsplash (Quelle: https:\/\/unsplash.com\/photos\/selective-focus-photo-of-green-climbing-safety-rope-gTQbZXL417Q)\" class=\"wp-image-2455\" srcset=\"https:\/\/cultivate.software\/wp-content\/uploads\/2023\/03\/rope_752_470.jpg 752w, https:\/\/cultivate.software\/wp-content\/uploads\/2023\/03\/rope_752_470-300x188.jpg 300w\" sizes=\"auto, (max-width: 752px) 100vw, 752px\" \/><\/figure>\n\n\n\n<h2 class=\"wp-block-heading has-text-align-center\">Alles testgetrieben<\/h2>\n\n\n\n<p>Produziere wartbaren Code und steigere deine Entwicklungsgeschwindigkeit.<\/p>\n\n\n\n<p>Wende den Test-First-Ansatz auf Frontends und Backends an. Meistere Zeit, asynchrone Anfragen, Datenbanken und mehr. <\/p>\n\n\n\n<div class=\"wp-block-buttons mt-auto is-content-justification-center is-layout-flex wp-container-core-buttons-is-layout-e1485a7b wp-block-buttons-is-layout-flex\">\n<div class=\"wp-block-button\"><a class=\"wp-block-button__link has-theme-primary-background-color has-background wp-element-button\" href=\"https:\/\/cultivate.software\/de\/kontakt\/?product=test-drive-everything\">Erfahre mehr<\/a><\/div>\n<\/div>\n<\/div>\n\n\n\n<div class=\"wp-block-column d-flex flex-column justify-content-start p-3 bg-primary-light is-layout-flow wp-block-column-is-layout-flow\">\n<figure class=\"wp-block-image size-full m-n3\"><img loading=\"lazy\" decoding=\"async\" width=\"752\" height=\"470\" src=\"https:\/\/cultivate.software\/wp-content\/uploads\/2023\/03\/matryoshka_752_470-3.jpg\" alt=\"Ein Satz russischer Matroschka-Puppen auf einem Tisch &#x2013; Bild von Julia Kadel auf Unsplash (Quelle: https:\/\/unsplash.com\/photos\/a-group-of-russian-nesting-dolls-sitting-on-a-table-YmULswIbc3I)\" class=\"wp-image-2454\" srcset=\"https:\/\/cultivate.software\/wp-content\/uploads\/2023\/03\/matryoshka_752_470-3.jpg 752w, https:\/\/cultivate.software\/wp-content\/uploads\/2023\/03\/matryoshka_752_470-3-300x188.jpg 300w\" sizes=\"auto, (max-width: 752px) 100vw, 752px\" \/><\/figure>\n\n\n\n<h2 class=\"wp-block-heading has-text-align-center\">Render Decorators<\/h2>\n\n\n\n<p>Schreibe mit diesem Add-on f\u00fcr die React Testing Library weniger Boilerplate-Code.<\/p>\n\n\n\n<p>Verwende die Dekoratoren dieser NPM-Bibliothek, um React-Komponenten elegant in Provider einzubinden und zu testen.<\/p>\n\n\n\n<div class=\"wp-block-buttons mt-auto is-content-justification-center is-layout-flex wp-container-core-buttons-is-layout-e1485a7b wp-block-buttons-is-layout-flex\">\n<div class=\"wp-block-button\"><a class=\"wp-block-button__link has-theme-primary-background-color has-background wp-element-button\" href=\"https:\/\/www.npmjs.com\/package\/@render-with\/decorators\" target=\"_blank\" rel=\"noreferrer noopener\">Erfahre mehr<\/a><\/div>\n<\/div>\n<\/div>\n<\/div>\n\n<div class=\"wp-block-columns alignwide is-layout-flex wp-container-core-columns-is-layout-9d6595d7 wp-block-columns-is-layout-flex\">\n<div class=\"wp-block-column d-flex flex-column justify-content-start p-3 bg-primary-light is-layout-flow wp-block-column-is-layout-flow\">\n<figure class=\"wp-block-image size-full is-resized m-n3\"><img loading=\"lazy\" decoding=\"async\" width=\"752\" height=\"470\" src=\"https:\/\/cultivate.software\/wp-content\/uploads\/2023\/03\/pair-programming_752_470.jpg\" alt=\"\" class=\"wp-image-2445\" style=\"width:376px;height:235px\" srcset=\"https:\/\/cultivate.software\/wp-content\/uploads\/2023\/03\/pair-programming_752_470.jpg 752w, https:\/\/cultivate.software\/wp-content\/uploads\/2023\/03\/pair-programming_752_470-300x188.jpg 300w\" sizes=\"auto, (max-width: 752px) 100vw, 752px\" \/><\/figure>\n\n\n\n<h2 class=\"wp-block-heading has-text-align-center\">e<strong>X<\/strong>treme <strong>P<\/strong>rogramming<\/h2>\n\n\n\n<p class=\"has-text-align-left\">Liefere vollst\u00e4ndig getestete Features in w\u00f6chentlichen Schritten, ohne Kompromisse bei Qualit\u00e4t und Wartbarkeit einzugehen.<\/p>\n\n\n\n<p>Bringe mit <strong>XP<\/strong> alles, was in der Software-Entwicklung gut funktioniert, auf das h\u00f6chste Level.<\/p>\n\n\n\n<div class=\"wp-block-buttons mt-auto is-content-justification-center is-layout-flex wp-container-core-buttons-is-layout-16018d1d wp-block-buttons-is-layout-flex\">\n<div class=\"wp-block-button\"><a class=\"wp-block-button__link has-theme-primary-background-color has-background wp-element-button\" href=\"https:\/\/cultivate.software\/contact\/?product=xp\">Erfahre mehr<\/a><\/div>\n<\/div>\n<\/div>\n\n\n\n<div class=\"wp-block-column d-flex flex-column justify-content-start p-3 bg-primary-light is-layout-flow wp-block-column-is-layout-flow\">\n<figure class=\"wp-block-image size-full is-resized m-n3\"><img loading=\"lazy\" decoding=\"async\" width=\"752\" height=\"470\" src=\"https:\/\/cultivate.software\/wp-content\/uploads\/2023\/03\/developer_shutterstock_752_470.jpg\" alt=\"\" class=\"wp-image-2446\" style=\"width:376px;height:235px\" srcset=\"https:\/\/cultivate.software\/wp-content\/uploads\/2023\/03\/developer_shutterstock_752_470.jpg 752w, https:\/\/cultivate.software\/wp-content\/uploads\/2023\/03\/developer_shutterstock_752_470-300x188.jpg 300w\" sizes=\"auto, (max-width: 752px) 100vw, 752px\" \/><\/figure>\n\n\n\n<h2 class=\"wp-block-heading has-text-align-center\">Full-Stack-Entwickler<\/h2>\n\n\n\n<p>Lass den IT-Fachkr\u00e4ftemangel hinter dir und beauftrage einen oder mehrere neue Full-Stack-Entwickler.<\/p>\n\n\n\n<p>H\u00f6r damit auf, mit allen anderen um vorhandene Talente zu konkurrieren. Lass uns neue Vollzeit-Talente f\u00fcr dich kultivieren. <\/p>\n\n\n\n<div class=\"wp-block-buttons mt-auto is-content-justification-center is-layout-flex wp-container-core-buttons-is-layout-16018d1d wp-block-buttons-is-layout-flex\">\n<div class=\"wp-block-button\"><a class=\"wp-block-button__link has-theme-primary-background-color has-background wp-element-button\" href=\"https:\/\/cultivate.software\/contact\/?product=full-stack-engineer\">Erfahre mehr<\/a><\/div>\n<\/div>\n<\/div>\n\n\n\n<div class=\"wp-block-column d-flex flex-column justify-content-start p-3 bg-primary-light is-layout-flow wp-block-column-is-layout-flow\">\n<figure class=\"wp-block-image size-full m-n3\"><img loading=\"lazy\" decoding=\"async\" width=\"752\" height=\"470\" src=\"https:\/\/cultivate.software\/wp-content\/uploads\/2023\/03\/car-lights-long-exposure_752_470-1.jpg\" alt=\"\" class=\"wp-image-2451\" srcset=\"https:\/\/cultivate.software\/wp-content\/uploads\/2023\/03\/car-lights-long-exposure_752_470-1.jpg 752w, https:\/\/cultivate.software\/wp-content\/uploads\/2023\/03\/car-lights-long-exposure_752_470-1-300x188.jpg 300w\" sizes=\"auto, (max-width: 752px) 100vw, 752px\" \/><\/figure>\n\n\n\n<h2 class=\"wp-block-heading has-text-align-center\">Accelerate<\/h2>\n\n\n\n<p>Steigere deine Software Delivery Performance und werde zum Branchenf\u00fchrer.<\/p>\n\n\n\n<p>Ein Programm f\u00fcr dein Team um mit DevOps-F\u00e4higkeiten bessere Software schneller zu liefern.<\/p>\n\n\n\n<div class=\"wp-block-buttons mt-auto is-content-justification-center is-layout-flex wp-container-core-buttons-is-layout-16018d1d wp-block-buttons-is-layout-flex\">\n<div class=\"wp-block-button\"><a class=\"wp-block-button__link has-theme-primary-background-color has-background wp-element-button\" href=\"https:\/\/cultivate.software\/contact\/?product=accelerate\">Erfahre mehr<\/a><\/div>\n<\/div>\n<\/div>\n<\/div>\n\n<div class=\"wp-block-columns alignwide is-layout-flex wp-container-core-columns-is-layout-9d6595d7 wp-block-columns-is-layout-flex\">\n<div class=\"wp-block-column d-flex flex-column justify-content-start p-3 bg-primary-light is-layout-flow wp-block-column-is-layout-flow\">\n<figure class=\"wp-block-image size-full is-resized m-n3\"><img loading=\"lazy\" decoding=\"async\" width=\"752\" height=\"470\" src=\"https:\/\/cultivate.software\/wp-content\/uploads\/2023\/03\/19cUY71Q_Warm_752_470.jpg\" alt=\"Lehrer am Whiteboard vor einer Klasse von Erwachsenen\" class=\"wp-image-2432\" style=\"width:376px;height:235px\" srcset=\"https:\/\/cultivate.software\/wp-content\/uploads\/2023\/03\/19cUY71Q_Warm_752_470.jpg 752w, https:\/\/cultivate.software\/wp-content\/uploads\/2023\/03\/19cUY71Q_Warm_752_470-300x188.jpg 300w\" sizes=\"auto, (max-width: 752px) 100vw, 752px\" \/><\/figure>\n\n\n\n<h2 class=\"wp-block-heading has-text-align-center\">Ma\u00dfgeschneiderte Schulung<\/h2>\n\n\n\n<p>Hast du Fragen zu unserem Angebot? Brauchst du etwas Individuelles? <\/p>\n\n\n\n<p>Kein Problem!<\/p>\n\n\n\n<p>Sag einfach Bescheid.<\/p>\n\n\n\n<div class=\"wp-block-buttons mt-auto is-content-justification-center is-layout-flex wp-container-core-buttons-is-layout-16018d1d wp-block-buttons-is-layout-flex\">\n<div class=\"wp-block-button\"><a class=\"wp-block-button__link has-theme-primary-background-color has-background wp-element-button\" href=\"https:\/\/cultivate.software\/de\/kontakt\/?product=bespoke-training\">Kontaktiere uns<\/a><\/div>\n<\/div>\n<\/div>\n\n\n\n<div class=\"wp-block-column d-flex flex-column justify-content-start p-3 is-layout-flow wp-block-column-is-layout-flow\"><\/div>\n\n\n\n<div class=\"wp-block-column d-flex flex-column justify-content-start p-3 is-layout-flow wp-block-column-is-layout-flow\"><\/div>\n<\/div>\n","protected":false},"excerpt":{"rendered":"<p>Wir kultivieren Software-Entwicklung durch unser Schulungsangebot. Einzelne Mitarbeiter oder Teams? Junior oder Senior? Im eigenen Tempo oder live? Online oder vor Ort? Wir haben f\u00fcr jeden etwas dabei: Test-first Produziere weniger Bugs, schreibe saubereren Code und produziere mehr. Meistere die Kunst der Testgetriebenen Entwicklung (TDD) und lerne wie die Top 1 % der Entwickler Software [&hellip;]<\/p>\n","protected":false},"author":1,"featured_media":0,"parent":0,"menu_order":0,"comment_status":"closed","ping_status":"closed","template":"","meta":{"_monsterinsights_skip_tracking":false,"_monsterinsights_sitenote_active":false,"_monsterinsights_sitenote_note":"","_monsterinsights_sitenote_category":0,"_genesis_hide_title":false,"_genesis_hide_breadcrumbs":false,"_genesis_hide_singular_image":false,"_genesis_hide_footer_widgets":false,"_genesis_custom_body_class":"","_genesis_custom_post_class":"","_genesis_layout":"","footnotes":""},"class_list":{"0":"post-3154","1":"page","2":"type-page","3":"status-publish","5":"entry"},"yoast_head":"<!-- This site is optimized with the Yoast SEO plugin v27.4 - https:\/\/yoast.com\/product\/yoast-seo-wordpress\/ -->\n<title>Produkte &#8211; cultivate<\/title>\n<meta name=\"robots\" content=\"index, follow, max-snippet:-1, max-image-preview:large, max-video-preview:-1\" \/>\n<link rel=\"canonical\" href=\"https:\/\/cultivate.software\/de\/produkte\/\" \/>\n<meta property=\"og:locale\" content=\"de_DE\" \/>\n<meta property=\"og:type\" content=\"article\" \/>\n<meta property=\"og:title\" content=\"Produkte &#8211; cultivate\" \/>\n<meta property=\"og:description\" content=\"Wir kultivieren Software-Entwicklung durch unser Schulungsangebot. Einzelne Mitarbeiter oder Teams? Junior oder Senior? Im eigenen Tempo oder live? Online oder vor Ort? Wir haben f\u00fcr jeden etwas dabei: Test-first Produziere weniger Bugs, schreibe saubereren Code und produziere mehr. Meistere die Kunst der Testgetriebenen Entwicklung (TDD) und lerne wie die Top 1 % der Entwickler Software [&hellip;]\" \/>\n<meta property=\"og:url\" content=\"https:\/\/cultivate.software\/de\/produkte\/\" \/>\n<meta property=\"og:site_name\" content=\"cultivate\" \/>\n<meta property=\"article:modified_time\" content=\"2025-04-11T06:29:33+00:00\" \/>\n<meta property=\"og:image\" content=\"https:\/\/cultivate.software\/wp-content\/uploads\/2023\/03\/test-first_752_470.png\" \/>\n\t<meta property=\"og:image:width\" content=\"752\" \/>\n\t<meta property=\"og:image:height\" content=\"470\" \/>\n\t<meta property=\"og:image:type\" content=\"image\/png\" \/>\n<meta name=\"twitter:card\" content=\"summary_large_image\" \/>\n<meta name=\"twitter:label1\" content=\"Est. reading time\" \/>\n\t<meta name=\"twitter:data1\" content=\"3 Minuten\" \/>\n<script type=\"application\/ld+json\" class=\"yoast-schema-graph\">{\"@context\":\"https:\\\/\\\/schema.org\",\"@graph\":[{\"@type\":\"WebPage\",\"@id\":\"https:\\\/\\\/cultivate.software\\\/de\\\/produkte\\\/\",\"url\":\"https:\\\/\\\/cultivate.software\\\/de\\\/produkte\\\/\",\"name\":\"Produkte &#8211; cultivate\",\"isPartOf\":{\"@id\":\"https:\\\/\\\/cultivate.software\\\/de\\\/#website\"},\"primaryImageOfPage\":{\"@id\":\"https:\\\/\\\/cultivate.software\\\/de\\\/produkte\\\/#primaryimage\"},\"image\":{\"@id\":\"https:\\\/\\\/cultivate.software\\\/de\\\/produkte\\\/#primaryimage\"},\"thumbnailUrl\":\"https:\\\/\\\/cultivate.software\\\/wp-content\\\/uploads\\\/2023\\\/03\\\/test-first_752_470.png\",\"datePublished\":\"2022-12-09T18:21:38+00:00\",\"dateModified\":\"2025-04-11T06:29:33+00:00\",\"breadcrumb\":{\"@id\":\"https:\\\/\\\/cultivate.software\\\/de\\\/produkte\\\/#breadcrumb\"},\"inLanguage\":\"de-DE\",\"potentialAction\":[{\"@type\":\"ReadAction\",\"target\":[\"https:\\\/\\\/cultivate.software\\\/de\\\/produkte\\\/\"]}]},{\"@type\":\"ImageObject\",\"inLanguage\":\"de-DE\",\"@id\":\"https:\\\/\\\/cultivate.software\\\/de\\\/produkte\\\/#primaryimage\",\"url\":\"https:\\\/\\\/cultivate.software\\\/wp-content\\\/uploads\\\/2023\\\/03\\\/test-first_752_470.png\",\"contentUrl\":\"https:\\\/\\\/cultivate.software\\\/wp-content\\\/uploads\\\/2023\\\/03\\\/test-first_752_470.png\"},{\"@type\":\"BreadcrumbList\",\"@id\":\"https:\\\/\\\/cultivate.software\\\/de\\\/produkte\\\/#breadcrumb\",\"itemListElement\":[{\"@type\":\"ListItem\",\"position\":1,\"name\":\"Home\",\"item\":\"https:\\\/\\\/cultivate.software\\\/de\\\/\"},{\"@type\":\"ListItem\",\"position\":2,\"name\":\"Produkte\"}]},{\"@type\":\"WebSite\",\"@id\":\"https:\\\/\\\/cultivate.software\\\/de\\\/#website\",\"url\":\"https:\\\/\\\/cultivate.software\\\/de\\\/\",\"name\":\"cultivate(software)\",\"description\":\"We cultivate software\",\"publisher\":{\"@id\":\"https:\\\/\\\/cultivate.software\\\/de\\\/#organization\"},\"alternateName\":\"cultivate\",\"potentialAction\":[{\"@type\":\"SearchAction\",\"target\":{\"@type\":\"EntryPoint\",\"urlTemplate\":\"https:\\\/\\\/cultivate.software\\\/de\\\/?s={search_term_string}\"},\"query-input\":{\"@type\":\"PropertyValueSpecification\",\"valueRequired\":true,\"valueName\":\"search_term_string\"}}],\"inLanguage\":\"de-DE\"},{\"@type\":\"Organization\",\"@id\":\"https:\\\/\\\/cultivate.software\\\/de\\\/#organization\",\"name\":\"cultivate GmbH\",\"alternateName\":\"cultivate\",\"url\":\"https:\\\/\\\/cultivate.software\\\/de\\\/\",\"logo\":{\"@type\":\"ImageObject\",\"inLanguage\":\"de-DE\",\"@id\":\"https:\\\/\\\/cultivate.software\\\/de\\\/#\\\/schema\\\/logo\\\/image\\\/\",\"url\":\"https:\\\/\\\/cultivate.software\\\/wp-content\\\/uploads\\\/2024\\\/09\\\/icon-frame_10-primary-transparent_696.png\",\"contentUrl\":\"https:\\\/\\\/cultivate.software\\\/wp-content\\\/uploads\\\/2024\\\/09\\\/icon-frame_10-primary-transparent_696.png\",\"width\":696,\"height\":696,\"caption\":\"cultivate GmbH\"},\"image\":{\"@id\":\"https:\\\/\\\/cultivate.software\\\/de\\\/#\\\/schema\\\/logo\\\/image\\\/\"},\"sameAs\":[\"https:\\\/\\\/www.linkedin.com\\\/company\\\/cultivate-it\"]}]}<\/script>\n<!-- \/ Yoast SEO plugin. -->","yoast_head_json":{"title":"Produkte &#8211; cultivate","robots":{"index":"index","follow":"follow","max-snippet":"max-snippet:-1","max-image-preview":"max-image-preview:large","max-video-preview":"max-video-preview:-1"},"canonical":"https:\/\/cultivate.software\/de\/produkte\/","og_locale":"de_DE","og_type":"article","og_title":"Produkte &#8211; cultivate","og_description":"Wir kultivieren Software-Entwicklung durch unser Schulungsangebot. Einzelne Mitarbeiter oder Teams? Junior oder Senior? Im eigenen Tempo oder live? Online oder vor Ort? Wir haben f\u00fcr jeden etwas dabei: Test-first Produziere weniger Bugs, schreibe saubereren Code und produziere mehr. Meistere die Kunst der Testgetriebenen Entwicklung (TDD) und lerne wie die Top 1 % der Entwickler Software [&hellip;]","og_url":"https:\/\/cultivate.software\/de\/produkte\/","og_site_name":"cultivate","article_modified_time":"2025-04-11T06:29:33+00:00","og_image":[{"width":752,"height":470,"url":"https:\/\/cultivate.software\/wp-content\/uploads\/2023\/03\/test-first_752_470.png","type":"image\/png"}],"twitter_card":"summary_large_image","twitter_misc":{"Est. reading time":"3 Minuten"},"schema":{"@context":"https:\/\/schema.org","@graph":[{"@type":"WebPage","@id":"https:\/\/cultivate.software\/de\/produkte\/","url":"https:\/\/cultivate.software\/de\/produkte\/","name":"Produkte &#8211; cultivate","isPartOf":{"@id":"https:\/\/cultivate.software\/de\/#website"},"primaryImageOfPage":{"@id":"https:\/\/cultivate.software\/de\/produkte\/#primaryimage"},"image":{"@id":"https:\/\/cultivate.software\/de\/produkte\/#primaryimage"},"thumbnailUrl":"https:\/\/cultivate.software\/wp-content\/uploads\/2023\/03\/test-first_752_470.png","datePublished":"2022-12-09T18:21:38+00:00","dateModified":"2025-04-11T06:29:33+00:00","breadcrumb":{"@id":"https:\/\/cultivate.software\/de\/produkte\/#breadcrumb"},"inLanguage":"de-DE","potentialAction":[{"@type":"ReadAction","target":["https:\/\/cultivate.software\/de\/produkte\/"]}]},{"@type":"ImageObject","inLanguage":"de-DE","@id":"https:\/\/cultivate.software\/de\/produkte\/#primaryimage","url":"https:\/\/cultivate.software\/wp-content\/uploads\/2023\/03\/test-first_752_470.png","contentUrl":"https:\/\/cultivate.software\/wp-content\/uploads\/2023\/03\/test-first_752_470.png"},{"@type":"BreadcrumbList","@id":"https:\/\/cultivate.software\/de\/produkte\/#breadcrumb","itemListElement":[{"@type":"ListItem","position":1,"name":"Home","item":"https:\/\/cultivate.software\/de\/"},{"@type":"ListItem","position":2,"name":"Produkte"}]},{"@type":"WebSite","@id":"https:\/\/cultivate.software\/de\/#website","url":"https:\/\/cultivate.software\/de\/","name":"cultivate(software)","description":"We cultivate software","publisher":{"@id":"https:\/\/cultivate.software\/de\/#organization"},"alternateName":"cultivate","potentialAction":[{"@type":"SearchAction","target":{"@type":"EntryPoint","urlTemplate":"https:\/\/cultivate.software\/de\/?s={search_term_string}"},"query-input":{"@type":"PropertyValueSpecification","valueRequired":true,"valueName":"search_term_string"}}],"inLanguage":"de-DE"},{"@type":"Organization","@id":"https:\/\/cultivate.software\/de\/#organization","name":"cultivate GmbH","alternateName":"cultivate","url":"https:\/\/cultivate.software\/de\/","logo":{"@type":"ImageObject","inLanguage":"de-DE","@id":"https:\/\/cultivate.software\/de\/#\/schema\/logo\/image\/","url":"https:\/\/cultivate.software\/wp-content\/uploads\/2024\/09\/icon-frame_10-primary-transparent_696.png","contentUrl":"https:\/\/cultivate.software\/wp-content\/uploads\/2024\/09\/icon-frame_10-primary-transparent_696.png","width":696,"height":696,"caption":"cultivate GmbH"},"image":{"@id":"https:\/\/cultivate.software\/de\/#\/schema\/logo\/image\/"},"sameAs":["https:\/\/www.linkedin.com\/company\/cultivate-it"]}]}},"featured_image_src":null,"featured_image_src_square":null,"_links":{"self":[{"href":"https:\/\/cultivate.software\/de\/wp-json\/wp\/v2\/pages\/3154","targetHints":{"allow":["GET"]}}],"collection":[{"href":"https:\/\/cultivate.software\/de\/wp-json\/wp\/v2\/pages"}],"about":[{"href":"https:\/\/cultivate.software\/de\/wp-json\/wp\/v2\/types\/page"}],"author":[{"embeddable":true,"href":"https:\/\/cultivate.software\/de\/wp-json\/wp\/v2\/users\/1"}],"replies":[{"embeddable":true,"href":"https:\/\/cultivate.software\/de\/wp-json\/wp\/v2\/comments?post=3154"}],"version-history":[{"count":0,"href":"https:\/\/cultivate.software\/de\/wp-json\/wp\/v2\/pages\/3154\/revisions"}],"wp:attachment":[{"href":"https:\/\/cultivate.software\/de\/wp-json\/wp\/v2\/media?parent=3154"}],"curies":[{"name":"wp","href":"https:\/\/api.w.org\/{rel}","templated":true}]}}