{"id":3151,"date":"2020-09-22T15:10:20","date_gmt":"2020-09-22T14:10:20","guid":{"rendered":"https:\/\/cultivate.software\/newsletter\/"},"modified":"2025-04-16T08:28:47","modified_gmt":"2025-04-16T07:28:47","slug":"newsletter","status":"publish","type":"page","link":"https:\/\/cultivate.software\/de\/newsletter\/","title":{"rendered":"Newsletter"},"content":{"rendered":"\n<div class=\"wp-block-genesis-blocks-gb-columns gpb-monochrome-section-image-and-text-columns gb-layout-columns-1 one-column gb-has-background-dim gb-has-background-dim-10 has-theme-secondary-background-color gb-has-custom-text-color gb-columns-center alignfull\" style=\"padding-top:6em;padding-right:1em;padding-bottom:5em;padding-left:1em;color:#ffffff;background-position:46% 34%\"><div class=\"gb-layout-column-wrap gb-block-layout-column-gap-2 gb-is-responsive-column\" style=\"max-width:1200px\">\n<div class=\"wp-block-genesis-blocks-gb-column gb-block-layout-column\"><div class=\"gb-block-layout-column-inner\">\n<div style=\"margin-bottom:5%\" class=\"wp-block-genesis-blocks-gb-container gb-block-container\"><div class=\"gb-container-inside\"><div class=\"gb-container-content\" style=\"max-width:1600px\">\n<h2 class=\"wp-block-heading has-text-align-center has-text-color\" style=\"color:#ffffff;font-size:48px\">Verwandle dein n\u00e4chstes Softwareprojekt in eine Erfolgsgeschichte<\/h2>\n\n\n\n<div class=\"wp-block-genesis-blocks-gb-columns gb-layout-columns-1 one-column\"><div class=\"gb-layout-column-wrap gb-block-layout-column-gap-2 gb-is-responsive-column\">\n<div class=\"wp-block-genesis-blocks-gb-column gb-block-layout-column\"><div class=\"gb-block-layout-column-inner\">\n<div class=\"wp-block-genesis-blocks-gb-columns gb-layout-columns-1 one-column gb-columns-center\"><div class=\"gb-layout-column-wrap gb-block-layout-column-gap-2 gb-is-responsive-column\" style=\"max-width:680px\">\n<div class=\"wp-block-genesis-blocks-gb-column gb-block-layout-column\"><div class=\"gb-block-layout-column-inner\">\n<p>Mein Newsletter ist f\u00fcr dich, wenn du ein Softwareprojekt outsourcen m\u00f6chtest und:<\/p>\n\n\n\n<ul class=\"wp-block-list\">\n<li>du nicht sicher bist, wie du einen Freiberufler oder ein Softwareunternehmen ausw\u00e4hlen sollst<\/li>\n\n\n\n<li>du mit deinen bisherigen Erfahrungen unzufrieden bist (z.B. schlechte Qualit\u00e4t oder Transparenz)<\/li>\n\n\n\n<li>du einfach erwartest, dass sich deine Investition auszahlt<\/li>\n<\/ul>\n<\/div><\/div>\n<\/div><\/div>\n<\/div><\/div>\n<\/div><\/div>\n\n\n\n<p class=\"has-text-align-center\">Melde dich noch heute an und erfahre, wie du Risiken minimieren, Kosten kontrollieren und die Qualit\u00e4t erhalten kannst, f\u00fcr die du bezahlst.<\/p>\n\n\n\n<div class=\"wp-block-genesis-blocks-gb-columns signup gb-layout-columns-1 one-column gb-columns-center\"><div class=\"gb-layout-column-wrap gb-block-layout-column-gap-2 gb-is-responsive-column\" style=\"max-width:680px\">\n<div class=\"wp-block-genesis-blocks-gb-column gb-block-layout-column\"><div class=\"gb-block-layout-column-inner\">\n<form method=\"post\" action=\"https:\/\/app.convertkit.com\/forms\/6925152\/subscriptions\" target=\"_blank\" class=\"inline\">\n  <div class=\"form-group\">\n    <input name=\"fields[first_name]\" aria-label=\"First name\" placeholder=\"Vorname\" type=\"text\" required=\"\"\/>\n  <\/div>\n  <div class=\"form-group\">\n    <input name=\"email_address\" aria-label=\"Email address\" placeholder=\"E-Mail-Adresse\" type=\"email\" required=\"\"\/>\n  <\/div>\n  <div class=\"form-group\">\n    <input type=\"submit\" value=\"Anmelden\"\/>\n  <\/div>\n<\/form>\n<\/div><\/div>\n<\/div><\/div>\n\n\n\n<p class=\"has-text-align-center has-text-color has-link-color has-small-font-size wp-elements-79758a2e9dce869d6be75439cd5e838b\" style=\"color:#ffffff\">Ich werde dir ein paar E-Mails pro Monat senden, um dich auf dem Laufenden zu halten. Du kannst dich selbstverst\u00e4ndlich jederzeit abmelden.<br\/>Mit der Anmeldung akzeptierst du meine <a href=\"https:\/\/cultivate.software\/privacy\/\" target=\"_blank\" rel=\"noreferrer noopener nofollow\">Datenschutzbestimmungen<\/a>. Ich verspreche, dass ich dir keinen Spam senden und deine Daten nicht verkaufen werde.<\/p>\n<\/div><\/div><\/div>\n<\/div><\/div>\n<\/div><\/div>\n\n<div class=\"wp-block-genesis-blocks-gb-columns gpb-monochrome-section-text-and-image-columns gb-layout-columns-2 gb-2-col-wideleft gb-has-custom-background-color gb-has-custom-text-color gb-columns-center alignfull\" style=\"padding-top:5em;padding-right:1em;padding-bottom:5em;padding-left:1em;background-color:#ffffff;color:#1f1f1f\"><div class=\"gb-layout-column-wrap gb-block-layout-column-gap-3 gb-is-responsive-column\" style=\"max-width:1200px\">\n<div class=\"wp-block-genesis-blocks-gb-column gb-block-layout-column gb-is-vertically-aligned-center\"><div class=\"gb-block-layout-column-inner\">\n<h2 class=\"wp-block-heading has-text-color\" style=\"color:#1f1f1f;font-size:28px\">Es gibt einen Grund, warum so viele Softwareprojekte scheitern:<\/h2>\n\n\n\n<p class=\"has-text-align-left\" style=\"font-size:18px\"><strong>Veraltete Praktiken<\/strong>, die nicht f\u00fcr die Softwareentwicklung geeignet sind.<\/p>\n\n\n\n<p>Baue auf meine 25-j\u00e4hrige Erfahrung in der Softwareentwicklung und finde heraus:<\/p>\n\n\n\n<ul class=\"wp-block-list\">\n<li>warum ma\u00dfgeschneiderte Software oft teurer ist als n\u00f6tig<\/li>\n\n\n\n<li>worauf du bei der Wahl von Freiberuflern oder Softwareunternehmen achten solltest<\/li>\n\n\n\n<li>welche h\u00e4ufigen Missverst\u00e4ndnisse es rund um die Softwareentwicklung gibt<\/li>\n\n\n\n<li>ob eine ma\u00dfgeschneiderte L\u00f6sung wirklich die beste Option f\u00fcr dich ist<\/li>\n\n\n\n<li>welche Entwicklungs- und Managementpraktiken wirklich funktionieren<\/li>\n<\/ul>\n<\/div><\/div>\n\n\n\n<div class=\"wp-block-genesis-blocks-gb-column gb-block-layout-column gb-is-vertically-aligned-center\"><div class=\"gb-block-layout-column-inner\"><div class=\"wp-block-image\">\n<figure class=\"alignright size-medium\"><img loading=\"lazy\" decoding=\"async\" width=\"300\" height=\"294\" src=\"https:\/\/cultivate.software\/wp-content\/uploads\/2024\/07\/logo-green-bg-transparent_696x696-300x294.png\" alt=\"\" class=\"wp-image-2558\" srcset=\"https:\/\/cultivate.software\/wp-content\/uploads\/2024\/07\/logo-green-bg-transparent_696x696-300x294.png 300w, https:\/\/cultivate.software\/wp-content\/uploads\/2024\/07\/logo-green-bg-transparent_696x696-1024x1004.png 1024w, https:\/\/cultivate.software\/wp-content\/uploads\/2024\/07\/logo-green-bg-transparent_696x696-1536x1506.png 1536w, https:\/\/cultivate.software\/wp-content\/uploads\/2024\/07\/logo-green-bg-transparent_696x696-2048x2008.png 2048w\" sizes=\"auto, (max-width: 300px) 100vw, 300px\" \/><\/figure>\n<\/div><\/div><\/div>\n<\/div><\/div>\n\n<div class=\"wp-block-genesis-blocks-gb-columns gpb-monochrome-section-testimonial-and-avatar gb-layout-columns-2 gb-2-col-equal has-theme-secondary-background-color has-white-color gb-columns-center alignfull\" style=\"padding-top:5em;padding-right:1em;padding-bottom:5em;padding-left:1em\"><div class=\"gb-layout-column-wrap gb-block-layout-column-gap-2 gb-is-responsive-column\" style=\"max-width:1200px\">\n<div class=\"wp-block-genesis-blocks-gb-column gb-block-layout-column gb-is-vertically-aligned-center\"><div class=\"gb-block-layout-column-inner\" style=\"text-align:center\"><div class=\"wp-block-image is-style-rounded\">\n<figure class=\"aligncenter size-medium\"><img loading=\"lazy\" decoding=\"async\" width=\"300\" height=\"300\" src=\"https:\/\/cultivate.software\/wp-content\/uploads\/2024\/07\/client-patrik-hartwig-300x300.jpeg\" alt=\"\" class=\"wp-image-2526\" style=\"object-fit:cover\" srcset=\"https:\/\/cultivate.software\/wp-content\/uploads\/2024\/07\/client-patrik-hartwig-300x300.jpeg 300w, https:\/\/cultivate.software\/wp-content\/uploads\/2024\/07\/client-patrik-hartwig-150x150.jpeg 150w, https:\/\/cultivate.software\/wp-content\/uploads\/2024\/07\/client-patrik-hartwig-80x80.jpeg 80w, https:\/\/cultivate.software\/wp-content\/uploads\/2024\/07\/client-patrik-hartwig.jpeg 500w\" sizes=\"auto, (max-width: 300px) 100vw, 300px\" \/><\/figure>\n<\/div><\/div><\/div>\n\n\n\n<div class=\"wp-block-genesis-blocks-gb-column gb-block-layout-column gb-is-vertically-aligned-center\"><div class=\"gb-block-layout-column-inner\" style=\"text-align:left\">\n<h2 class=\"wp-block-heading\" style=\"font-size:26px\">\u201eIch w\u00fcrde David als CTO einstellen, wenn ich nicht w\u00fcsste, dass er bereits cultivate leitet.\u201c<\/h2>\n\n\n\n<p>&#8211; Patrick Hartwig \/ Gr\u00fcnder &amp; CEO der Treatmind GmbH<\/p>\n<\/div><\/div>\n<\/div><\/div>\n\n<div class=\"wp-block-genesis-blocks-gb-columns gpb-monochrome-section-testimonial-and-avatar gb-layout-columns-2 gb-2-col-wideleft gb-has-custom-background-color gb-has-custom-text-color gb-columns-center alignfull\" style=\"padding-top:5em;padding-right:1em;padding-bottom:5em;padding-left:1em;background-color:#ffffff;color:#1f1f1f\"><div class=\"gb-layout-column-wrap gb-block-layout-column-gap-2 gb-is-responsive-column\" style=\"max-width:1200px\">\n<div class=\"wp-block-genesis-blocks-gb-column gb-block-layout-column gb-is-vertically-aligned-center\"><div class=\"gb-block-layout-column-inner\" style=\"text-align:center\">\n<h2 class=\"wp-block-heading has-text-align-left\" style=\"font-size:26px\">\u00dcber David<\/h2>\n\n\n\n<p class=\"has-text-align-left\">David Bieder begann seine Karriere als Software-Entwickler im Jahr 2000. Heute treibt sein Code und sein Know-how Softwareprodukte bei Fortune-100-Unternehmen wie Tesla, IBM, American Airlines und Allstate, sowie bei KMUs wie The Financial Times, ImmoScout24, 1&amp;1, oder Treatmind an. <\/p>\n\n\n\n<p class=\"has-text-align-left\">Neben seiner T\u00e4tigkeit als Full-Stack-Entwickler gibt David sein Wissen gerne als Trainer und Coach weiter. Er empfiehlt und setzt auf Agile- und DevOps-Praktiken, erkannte jedoch im Laufe der Zeit, dass die meisten Softwareunternehmen diese nicht richtig anwenden. <\/p>\n\n\n\n<p class=\"has-text-align-left\">Ausgestattet mit einem Daten-getriebenen Ansatz und besseren Praktiken, besteht seine Mission darin, eine neue Generation von Software-Entwicklern und Projektmanagern zu kultivieren, die gr\u00fcndlich getestete Apps und Cloud-Dienste in w\u00f6chentlichen Schritten bereitstellen, ohne Kompromisse bei Qualit\u00e4t und Wartbarkeit einzugehen.<\/p>\n<\/div><\/div>\n\n\n\n<div class=\"wp-block-genesis-blocks-gb-column gb-block-layout-column gb-is-vertically-aligned-center\"><div class=\"gb-block-layout-column-inner\" style=\"text-align:left\"><div class=\"wp-block-image\">\n<figure class=\"alignright size-full\"><img loading=\"lazy\" decoding=\"async\" width=\"500\" height=\"500\" src=\"https:\/\/cultivate.software\/wp-content\/uploads\/2023\/03\/team-round-david_500.png\" alt=\"\" class=\"wp-image-2411\" srcset=\"https:\/\/cultivate.software\/wp-content\/uploads\/2023\/03\/team-round-david_500.png 500w, https:\/\/cultivate.software\/wp-content\/uploads\/2023\/03\/team-round-david_500-300x300.png 300w, https:\/\/cultivate.software\/wp-content\/uploads\/2023\/03\/team-round-david_500-150x150.png 150w, https:\/\/cultivate.software\/wp-content\/uploads\/2023\/03\/team-round-david_500-80x80.png 80w\" sizes=\"auto, (max-width: 500px) 100vw, 500px\" \/><\/figure>\n<\/div><\/div><\/div>\n<\/div><\/div>\n","protected":false},"excerpt":{"rendered":"","protected":false},"author":1,"featured_media":0,"parent":0,"menu_order":0,"comment_status":"closed","ping_status":"closed","template":"","meta":{"_monsterinsights_skip_tracking":false,"_monsterinsights_sitenote_active":false,"_monsterinsights_sitenote_note":"","_monsterinsights_sitenote_category":0,"_genesis_hide_title":true,"_genesis_hide_breadcrumbs":false,"_genesis_hide_singular_image":false,"_genesis_hide_footer_widgets":false,"_genesis_custom_body_class":"","_genesis_custom_post_class":"","_genesis_layout":"","footnotes":""},"class_list":{"0":"post-3151","1":"page","2":"type-page","3":"status-publish","5":"entry"},"yoast_head":"<!-- This site is optimized with the Yoast SEO plugin v27.4 - https:\/\/yoast.com\/product\/yoast-seo-wordpress\/ -->\n<title>Newsletter &#8211; cultivate<\/title>\n<meta name=\"description\" content=\"Erhalte w\u00f6chentliche Einblicke darin, wie du dein n\u00e4chstes Softwareprojekt in eine Erfolgsgeschichte verwandeln kannst.\" \/>\n<meta name=\"robots\" content=\"index, follow, max-snippet:-1, max-image-preview:large, max-video-preview:-1\" \/>\n<link rel=\"canonical\" href=\"https:\/\/cultivate.software\/de\/newsletter\/\" \/>\n<meta property=\"og:locale\" content=\"de_DE\" \/>\n<meta property=\"og:type\" content=\"article\" \/>\n<meta property=\"og:title\" content=\"Newsletter &#8211; cultivate\" \/>\n<meta property=\"og:description\" content=\"Erhalte w\u00f6chentliche Einblicke darin, wie du dein n\u00e4chstes Softwareprojekt in eine Erfolgsgeschichte verwandeln kannst.\" \/>\n<meta property=\"og:url\" content=\"https:\/\/cultivate.software\/de\/newsletter\/\" \/>\n<meta property=\"og:site_name\" content=\"cultivate\" \/>\n<meta property=\"article:modified_time\" content=\"2025-04-16T07:28:47+00:00\" \/>\n<meta property=\"og:image\" content=\"https:\/\/cultivate.software\/wp-content\/uploads\/2024\/07\/logo-green-bg-transparent_696x696.png\" \/>\n\t<meta property=\"og:image:width\" content=\"2500\" \/>\n\t<meta property=\"og:image:height\" content=\"2451\" \/>\n\t<meta property=\"og:image:type\" content=\"image\/png\" \/>\n<meta name=\"twitter:card\" content=\"summary_large_image\" \/>\n<meta name=\"twitter:label1\" content=\"Est. reading time\" \/>\n\t<meta name=\"twitter:data1\" content=\"3 Minuten\" \/>\n<script type=\"application\/ld+json\" class=\"yoast-schema-graph\">{\"@context\":\"https:\\\/\\\/schema.org\",\"@graph\":[{\"@type\":\"WebPage\",\"@id\":\"https:\\\/\\\/cultivate.software\\\/de\\\/newsletter\\\/\",\"url\":\"https:\\\/\\\/cultivate.software\\\/de\\\/newsletter\\\/\",\"name\":\"Newsletter &#8211; cultivate\",\"isPartOf\":{\"@id\":\"https:\\\/\\\/cultivate.software\\\/de\\\/#website\"},\"primaryImageOfPage\":{\"@id\":\"https:\\\/\\\/cultivate.software\\\/de\\\/newsletter\\\/#primaryimage\"},\"image\":{\"@id\":\"https:\\\/\\\/cultivate.software\\\/de\\\/newsletter\\\/#primaryimage\"},\"thumbnailUrl\":\"https:\\\/\\\/cultivate.software\\\/wp-content\\\/uploads\\\/2024\\\/07\\\/logo-green-bg-transparent_696x696-300x294.png\",\"datePublished\":\"2020-09-22T14:10:20+00:00\",\"dateModified\":\"2025-04-16T07:28:47+00:00\",\"description\":\"Erhalte w\u00f6chentliche Einblicke darin, wie du dein n\u00e4chstes Softwareprojekt in eine Erfolgsgeschichte verwandeln kannst.\",\"breadcrumb\":{\"@id\":\"https:\\\/\\\/cultivate.software\\\/de\\\/newsletter\\\/#breadcrumb\"},\"inLanguage\":\"de-DE\",\"potentialAction\":[{\"@type\":\"ReadAction\",\"target\":[\"https:\\\/\\\/cultivate.software\\\/de\\\/newsletter\\\/\"]}]},{\"@type\":\"ImageObject\",\"inLanguage\":\"de-DE\",\"@id\":\"https:\\\/\\\/cultivate.software\\\/de\\\/newsletter\\\/#primaryimage\",\"url\":\"https:\\\/\\\/cultivate.software\\\/wp-content\\\/uploads\\\/2024\\\/07\\\/logo-green-bg-transparent_696x696-300x294.png\",\"contentUrl\":\"https:\\\/\\\/cultivate.software\\\/wp-content\\\/uploads\\\/2024\\\/07\\\/logo-green-bg-transparent_696x696-300x294.png\"},{\"@type\":\"BreadcrumbList\",\"@id\":\"https:\\\/\\\/cultivate.software\\\/de\\\/newsletter\\\/#breadcrumb\",\"itemListElement\":[{\"@type\":\"ListItem\",\"position\":1,\"name\":\"Home\",\"item\":\"https:\\\/\\\/cultivate.software\\\/de\\\/\"},{\"@type\":\"ListItem\",\"position\":2,\"name\":\"Newsletter\"}]},{\"@type\":\"WebSite\",\"@id\":\"https:\\\/\\\/cultivate.software\\\/de\\\/#website\",\"url\":\"https:\\\/\\\/cultivate.software\\\/de\\\/\",\"name\":\"cultivate(software)\",\"description\":\"We cultivate software\",\"publisher\":{\"@id\":\"https:\\\/\\\/cultivate.software\\\/de\\\/#organization\"},\"alternateName\":\"cultivate\",\"potentialAction\":[{\"@type\":\"SearchAction\",\"target\":{\"@type\":\"EntryPoint\",\"urlTemplate\":\"https:\\\/\\\/cultivate.software\\\/de\\\/?s={search_term_string}\"},\"query-input\":{\"@type\":\"PropertyValueSpecification\",\"valueRequired\":true,\"valueName\":\"search_term_string\"}}],\"inLanguage\":\"de-DE\"},{\"@type\":\"Organization\",\"@id\":\"https:\\\/\\\/cultivate.software\\\/de\\\/#organization\",\"name\":\"cultivate GmbH\",\"alternateName\":\"cultivate\",\"url\":\"https:\\\/\\\/cultivate.software\\\/de\\\/\",\"logo\":{\"@type\":\"ImageObject\",\"inLanguage\":\"de-DE\",\"@id\":\"https:\\\/\\\/cultivate.software\\\/de\\\/#\\\/schema\\\/logo\\\/image\\\/\",\"url\":\"https:\\\/\\\/cultivate.software\\\/wp-content\\\/uploads\\\/2024\\\/09\\\/icon-frame_10-primary-transparent_696.png\",\"contentUrl\":\"https:\\\/\\\/cultivate.software\\\/wp-content\\\/uploads\\\/2024\\\/09\\\/icon-frame_10-primary-transparent_696.png\",\"width\":696,\"height\":696,\"caption\":\"cultivate GmbH\"},\"image\":{\"@id\":\"https:\\\/\\\/cultivate.software\\\/de\\\/#\\\/schema\\\/logo\\\/image\\\/\"},\"sameAs\":[\"https:\\\/\\\/www.linkedin.com\\\/company\\\/cultivate-it\"]}]}<\/script>\n<!-- \/ Yoast SEO plugin. -->","yoast_head_json":{"title":"Newsletter &#8211; cultivate","description":"Erhalte w\u00f6chentliche Einblicke darin, wie du dein n\u00e4chstes Softwareprojekt in eine Erfolgsgeschichte verwandeln kannst.","robots":{"index":"index","follow":"follow","max-snippet":"max-snippet:-1","max-image-preview":"max-image-preview:large","max-video-preview":"max-video-preview:-1"},"canonical":"https:\/\/cultivate.software\/de\/newsletter\/","og_locale":"de_DE","og_type":"article","og_title":"Newsletter &#8211; cultivate","og_description":"Erhalte w\u00f6chentliche Einblicke darin, wie du dein n\u00e4chstes Softwareprojekt in eine Erfolgsgeschichte verwandeln kannst.","og_url":"https:\/\/cultivate.software\/de\/newsletter\/","og_site_name":"cultivate","article_modified_time":"2025-04-16T07:28:47+00:00","og_image":[{"width":2500,"height":2451,"url":"https:\/\/cultivate.software\/wp-content\/uploads\/2024\/07\/logo-green-bg-transparent_696x696.png","type":"image\/png"}],"twitter_card":"summary_large_image","twitter_misc":{"Est. reading time":"3 Minuten"},"schema":{"@context":"https:\/\/schema.org","@graph":[{"@type":"WebPage","@id":"https:\/\/cultivate.software\/de\/newsletter\/","url":"https:\/\/cultivate.software\/de\/newsletter\/","name":"Newsletter &#8211; cultivate","isPartOf":{"@id":"https:\/\/cultivate.software\/de\/#website"},"primaryImageOfPage":{"@id":"https:\/\/cultivate.software\/de\/newsletter\/#primaryimage"},"image":{"@id":"https:\/\/cultivate.software\/de\/newsletter\/#primaryimage"},"thumbnailUrl":"https:\/\/cultivate.software\/wp-content\/uploads\/2024\/07\/logo-green-bg-transparent_696x696-300x294.png","datePublished":"2020-09-22T14:10:20+00:00","dateModified":"2025-04-16T07:28:47+00:00","description":"Erhalte w\u00f6chentliche Einblicke darin, wie du dein n\u00e4chstes Softwareprojekt in eine Erfolgsgeschichte verwandeln kannst.","breadcrumb":{"@id":"https:\/\/cultivate.software\/de\/newsletter\/#breadcrumb"},"inLanguage":"de-DE","potentialAction":[{"@type":"ReadAction","target":["https:\/\/cultivate.software\/de\/newsletter\/"]}]},{"@type":"ImageObject","inLanguage":"de-DE","@id":"https:\/\/cultivate.software\/de\/newsletter\/#primaryimage","url":"https:\/\/cultivate.software\/wp-content\/uploads\/2024\/07\/logo-green-bg-transparent_696x696-300x294.png","contentUrl":"https:\/\/cultivate.software\/wp-content\/uploads\/2024\/07\/logo-green-bg-transparent_696x696-300x294.png"},{"@type":"BreadcrumbList","@id":"https:\/\/cultivate.software\/de\/newsletter\/#breadcrumb","itemListElement":[{"@type":"ListItem","position":1,"name":"Home","item":"https:\/\/cultivate.software\/de\/"},{"@type":"ListItem","position":2,"name":"Newsletter"}]},{"@type":"WebSite","@id":"https:\/\/cultivate.software\/de\/#website","url":"https:\/\/cultivate.software\/de\/","name":"cultivate(software)","description":"We cultivate software","publisher":{"@id":"https:\/\/cultivate.software\/de\/#organization"},"alternateName":"cultivate","potentialAction":[{"@type":"SearchAction","target":{"@type":"EntryPoint","urlTemplate":"https:\/\/cultivate.software\/de\/?s={search_term_string}"},"query-input":{"@type":"PropertyValueSpecification","valueRequired":true,"valueName":"search_term_string"}}],"inLanguage":"de-DE"},{"@type":"Organization","@id":"https:\/\/cultivate.software\/de\/#organization","name":"cultivate GmbH","alternateName":"cultivate","url":"https:\/\/cultivate.software\/de\/","logo":{"@type":"ImageObject","inLanguage":"de-DE","@id":"https:\/\/cultivate.software\/de\/#\/schema\/logo\/image\/","url":"https:\/\/cultivate.software\/wp-content\/uploads\/2024\/09\/icon-frame_10-primary-transparent_696.png","contentUrl":"https:\/\/cultivate.software\/wp-content\/uploads\/2024\/09\/icon-frame_10-primary-transparent_696.png","width":696,"height":696,"caption":"cultivate GmbH"},"image":{"@id":"https:\/\/cultivate.software\/de\/#\/schema\/logo\/image\/"},"sameAs":["https:\/\/www.linkedin.com\/company\/cultivate-it"]}]}},"featured_image_src":null,"featured_image_src_square":null,"_links":{"self":[{"href":"https:\/\/cultivate.software\/de\/wp-json\/wp\/v2\/pages\/3151","targetHints":{"allow":["GET"]}}],"collection":[{"href":"https:\/\/cultivate.software\/de\/wp-json\/wp\/v2\/pages"}],"about":[{"href":"https:\/\/cultivate.software\/de\/wp-json\/wp\/v2\/types\/page"}],"author":[{"embeddable":true,"href":"https:\/\/cultivate.software\/de\/wp-json\/wp\/v2\/users\/1"}],"replies":[{"embeddable":true,"href":"https:\/\/cultivate.software\/de\/wp-json\/wp\/v2\/comments?post=3151"}],"version-history":[{"count":0,"href":"https:\/\/cultivate.software\/de\/wp-json\/wp\/v2\/pages\/3151\/revisions"}],"wp:attachment":[{"href":"https:\/\/cultivate.software\/de\/wp-json\/wp\/v2\/media?parent=3151"}],"curies":[{"name":"wp","href":"https:\/\/api.w.org\/{rel}","templated":true}]}}